{"id":138,"date":"2020-05-17T07:58:23","date_gmt":"2020-05-17T07:58:23","guid":{"rendered":"https:\/\/jupiterx.artbees.net\/business-consulting\/?page_id=138"},"modified":"2023-05-22T23:47:15","modified_gmt":"2023-05-22T23:47:15","slug":"proyectos","status":"publish","type":"page","link":"https:\/\/carpoace-eu.com\/en\/proyects\/","title":{"rendered":"Proyects"},"content":{"rendered":"<div data-elementor-type=\"wp-page\" data-elementor-id=\"138\" class=\"elementor elementor-138\">\n\t\t\t\t\t\t\t\t\t<section class=\"elementor-section elementor-top-section elementor-element elementor-element-e3f6d4a elementor-section-boxed elementor-section-height-default elementor-section-height-default\" data-id=\"e3f6d4a\" data-element_type=\"section\" data-settings=\"{&quot;jet_parallax_layout_list&quot;:[],&quot;background_background&quot;:&quot;classic&quot;}\">\n\t\t\t\t\t\t<div class=\"elementor-container elementor-column-gap-default\">\n\t\t\t\t\t<div class=\"elementor-column elementor-col-100 elementor-top-column elementor-element elementor-element-d3ae75e\" data-id=\"d3ae75e\" data-element_type=\"column\">\n\t\t\t<div class=\"elementor-widget-wrap elementor-element-populated\">\n\t\t\t\t\t\t\t\t<div class=\"elementor-element elementor-element-0b3f01d elementor-widget elementor-widget-heading\" data-id=\"0b3f01d\" data-element_type=\"widget\" data-widget_type=\"heading.default\">\n\t\t\t\t<div class=\"elementor-widget-container\">\n\t\t\t<style>\/*! elementor - v3.13.3 - 28-05-2023 *\/\n.elementor-heading-title{padding:0;margin:0;line-height:1}.elementor-widget-heading .elementor-heading-title[class*=elementor-size-]>a{color:inherit;font-size:inherit;line-height:inherit}.elementor-widget-heading .elementor-heading-title.elementor-size-small{font-size:15px}.elementor-widget-heading .elementor-heading-title.elementor-size-medium{font-size:19px}.elementor-widget-heading .elementor-heading-title.elementor-size-large{font-size:29px}.elementor-widget-heading .elementor-heading-title.elementor-size-xl{font-size:39px}.elementor-widget-heading .elementor-heading-title.elementor-size-xxl{font-size:59px}<\/style><h1 class=\"elementor-heading-title elementor-size-default\">Success stories<\/h1>\t\t<\/div>\n\t\t\t\t<\/div>\n\t\t\t\t\t<\/div>\n\t\t<\/div>\n\t\t\t\t\t\t\t<\/div>\n\t\t<\/section>\n\t\t\t\t<section class=\"elementor-section elementor-top-section elementor-element elementor-element-517e720 elementor-section-boxed elementor-section-height-default elementor-section-height-default\" data-id=\"517e720\" data-element_type=\"section\" data-settings=\"{&quot;jet_parallax_layout_list&quot;:[{&quot;jet_parallax_layout_image&quot;:{&quot;url&quot;:&quot;&quot;,&quot;id&quot;:&quot;&quot;,&quot;size&quot;:&quot;&quot;},&quot;_id&quot;:&quot;4e1ca47&quot;,&quot;jet_parallax_layout_image_tablet&quot;:{&quot;url&quot;:&quot;&quot;,&quot;id&quot;:&quot;&quot;,&quot;size&quot;:&quot;&quot;},&quot;jet_parallax_layout_image_mobile&quot;:{&quot;url&quot;:&quot;&quot;,&quot;id&quot;:&quot;&quot;,&quot;size&quot;:&quot;&quot;},&quot;jet_parallax_layout_speed&quot;:{&quot;unit&quot;:&quot;%&quot;,&quot;size&quot;:&quot;50&quot;,&quot;sizes&quot;:[]},&quot;jet_parallax_layout_bg_x&quot;:&quot;50&quot;,&quot;jet_parallax_layout_bg_y&quot;:&quot;50&quot;,&quot;jet_parallax_layout_type&quot;:&quot;scroll&quot;,&quot;jet_parallax_layout_direction&quot;:null,&quot;jet_parallax_layout_fx_direction&quot;:null,&quot;jet_parallax_layout_z_index&quot;:&quot;&quot;,&quot;jet_parallax_layout_bg_x_tablet&quot;:&quot;&quot;,&quot;jet_parallax_layout_bg_x_mobile&quot;:&quot;&quot;,&quot;jet_parallax_layout_bg_y_tablet&quot;:&quot;&quot;,&quot;jet_parallax_layout_bg_y_mobile&quot;:&quot;&quot;,&quot;jet_parallax_layout_bg_size&quot;:&quot;auto&quot;,&quot;jet_parallax_layout_bg_size_tablet&quot;:&quot;&quot;,&quot;jet_parallax_layout_bg_size_mobile&quot;:&quot;&quot;,&quot;jet_parallax_layout_animation_prop&quot;:&quot;transform&quot;,&quot;jet_parallax_layout_on&quot;:[&quot;desktop&quot;,&quot;tablet&quot;]}]}\">\n\t\t\t\t\t\t<div class=\"elementor-container elementor-column-gap-no\">\n\t\t\t\t\t<div class=\"elementor-column elementor-col-100 elementor-top-column elementor-element elementor-element-afcb7d6\" data-id=\"afcb7d6\" data-element_type=\"column\">\n\t\t\t<div class=\"elementor-widget-wrap elementor-element-populated\">\n\t\t\t\t\t\t\t\t<div class=\"elementor-element elementor-element-0f79963 raven-hover-scale-down elementor-widget elementor-widget-raven-posts\" data-id=\"0f79963\" data-element_type=\"widget\" data-settings=\"{&quot;query_posts_per_page&quot;:30,&quot;_skin&quot;:&quot;classic&quot;,&quot;classic_layout&quot;:&quot;grid&quot;,&quot;classic_columns&quot;:&quot;3&quot;,&quot;classic_columns_tablet&quot;:&quot;2&quot;,&quot;classic_columns_mobile&quot;:&quot;1&quot;,&quot;query_offset&quot;:0}\" data-widget_type=\"raven-posts.classic\">\n\t\t\t\t<div class=\"elementor-widget-container\">\n\t\t\t\t\t<div class=\"raven-posts raven-grid raven-grid-3 raven-grid-mobile-1 raven-grid-tablet-2\" data-post-id=\"138\" data-archive-query=\"\" data-lang=\"\">\n\t\t\t\t<div class=\"raven-grid-item raven-post-item post-127 portfolio type-portfolio status-publish has-post-thumbnail hentry portfolio_category-consorcio-asociativo-publico-privado-capp\">\n\t\t\t<div class=\"raven-post\">\n\t\t\t\t\t\t<div class=\"raven-post-image-wrap\">\n\t\t\t<span class=\"raven-post-image raven-image-fit\" ><img decoding=\"async\" width=\"558\" height=\"402\" data-src=\"https:\/\/carpoace-eu.com\/wp-content\/uploads\/2020\/05\/Enmascarar-grupo-3.png\" class=\"attachment-large size-large wp-image-829 lazyload\" alt=\"Enmascarar grupo 3\" data-srcset=\"https:\/\/carpoace-eu.com\/wp-content\/uploads\/2020\/05\/Enmascarar-grupo-3.png 558w, https:\/\/carpoace-eu.com\/wp-content\/smush-webp\/2020\/05\/Enmascarar-grupo-3-300x216.png.webp 300w\" data-sizes=\"(max-width: 558px) 100vw, 558px\" src=\"data:image\/svg+xml;base64,PHN2ZyB3aWR0aD0iMSIgaGVpZ2h0PSIxIiB4bWxucz0iaHR0cDovL3d3dy53My5vcmcvMjAwMC9zdmciPjwvc3ZnPg==\" style=\"--smush-placeholder-width: 558px; --smush-placeholder-aspect-ratio: 558\/402;\" data-smush-webp-fallback=\"{&quot;data-srcset&quot;:&quot;https:\\\/\\\/carpoace-eu.com\\\/wp-content\\\/uploads\\\/2020\\\/05\\\/Enmascarar-grupo-3.png 558w, https:\\\/\\\/carpoace-eu.com\\\/wp-content\\\/uploads\\\/2020\\\/05\\\/Enmascarar-grupo-3-300x216.png 300w&quot;}\" \/> <span class=\"raven-post-image-overlay\">\t\t<span class=\"raven-post-overlay-icons\" >\n\t\t\t\t\t\t<\/span>\n\t\t<\/span><\/span>\t\t<\/div>\n\t\t\t\t\t\t<div class=\"raven-post-content\">\n\t\t\t\t\t\t\t<div class=\"raven-post-meta\"><span class=\"raven-post-meta-item raven-post-categories\"><a href=\"https:\/\/carpoace-eu.com\/en\/portfolio-category\/consorcio-asociativo-publico-privado-capp\/\" rel=\"tag\">Consorcio Asociativo P\u00fablico-Privado (CAPP)<\/a><\/span><\/div>\n\t\t<h2 class=\"raven-post-title\"><a class=\"raven-post-title-link\" href=\"https:\/\/carpoace-eu.com\/en\/portfolio\/public-private-partnership-consortium-capp\/\">Public-Private Partnership Consortium (CAPP)<\/a><\/h2>\t\t\t\t<\/div>\n\t\t\t<\/div>\n\t\t<\/div>\n\t\t\t\t<div class=\"raven-grid-item raven-post-item post-128 portfolio type-portfolio status-publish has-post-thumbnail hentry portfolio_category-pyme-del-sector-de-autopartes\">\n\t\t\t<div class=\"raven-post\">\n\t\t\t\t\t\t<div class=\"raven-post-image-wrap\">\n\t\t\t<span class=\"raven-post-image raven-image-fit\" ><img decoding=\"async\" width=\"560\" height=\"402\" data-src=\"https:\/\/carpoace-eu.com\/wp-content\/uploads\/2020\/05\/Enmascarar-grupo-4.png\" class=\"attachment-large size-large wp-image-838 lazyload\" alt=\"Enmascarar grupo 4\" data-srcset=\"https:\/\/carpoace-eu.com\/wp-content\/uploads\/2020\/05\/Enmascarar-grupo-4.png 560w, https:\/\/carpoace-eu.com\/wp-content\/smush-webp\/2020\/05\/Enmascarar-grupo-4-300x215.png.webp 300w\" data-sizes=\"(max-width: 560px) 100vw, 560px\" src=\"data:image\/svg+xml;base64,PHN2ZyB3aWR0aD0iMSIgaGVpZ2h0PSIxIiB4bWxucz0iaHR0cDovL3d3dy53My5vcmcvMjAwMC9zdmciPjwvc3ZnPg==\" style=\"--smush-placeholder-width: 560px; --smush-placeholder-aspect-ratio: 560\/402;\" data-smush-webp-fallback=\"{&quot;data-srcset&quot;:&quot;https:\\\/\\\/carpoace-eu.com\\\/wp-content\\\/uploads\\\/2020\\\/05\\\/Enmascarar-grupo-4.png 560w, https:\\\/\\\/carpoace-eu.com\\\/wp-content\\\/uploads\\\/2020\\\/05\\\/Enmascarar-grupo-4-300x215.png 300w&quot;}\" \/> <span class=\"raven-post-image-overlay\">\t\t<span class=\"raven-post-overlay-icons\" >\n\t\t\t\t\t\t<\/span>\n\t\t<\/span><\/span>\t\t<\/div>\n\t\t\t\t\t\t<div class=\"raven-post-content\">\n\t\t\t\t\t\t\t<div class=\"raven-post-meta\"><span class=\"raven-post-meta-item raven-post-categories\"><a href=\"https:\/\/carpoace-eu.com\/en\/portfolio-category\/pyme-del-sector-de-autopartes\/\" rel=\"tag\">Pyme del sector de autopartes<\/a><\/span><\/div>\n\t\t<h2 class=\"raven-post-title\"><a class=\"raven-post-title-link\" href=\"https:\/\/carpoace-eu.com\/en\/portfolio\/public-private-partnership-consortium-capp-2\/\">SME in the auto parts sector<\/a><\/h2>\t\t\t\t<\/div>\n\t\t\t<\/div>\n\t\t<\/div>\n\t\t\t\t<div class=\"raven-grid-item raven-post-item post-123 portfolio type-portfolio status-publish has-post-thumbnail hentry portfolio_category-pyme-del-sector-biotecnologico\">\n\t\t\t<div class=\"raven-post\">\n\t\t\t\t\t\t<div class=\"raven-post-image-wrap\">\n\t\t\t<span class=\"raven-post-image raven-image-fit\" ><img decoding=\"async\" width=\"560\" height=\"402\" data-src=\"https:\/\/carpoace-eu.com\/wp-content\/uploads\/2020\/05\/Enmascarar-grupo-5.png\" class=\"attachment-large size-large wp-image-843 lazyload\" alt=\"Enmascarar grupo 5\" data-srcset=\"https:\/\/carpoace-eu.com\/wp-content\/uploads\/2020\/05\/Enmascarar-grupo-5.png 560w, https:\/\/carpoace-eu.com\/wp-content\/smush-webp\/2020\/05\/Enmascarar-grupo-5-300x215.png.webp 300w\" data-sizes=\"(max-width: 560px) 100vw, 560px\" src=\"data:image\/svg+xml;base64,PHN2ZyB3aWR0aD0iMSIgaGVpZ2h0PSIxIiB4bWxucz0iaHR0cDovL3d3dy53My5vcmcvMjAwMC9zdmciPjwvc3ZnPg==\" style=\"--smush-placeholder-width: 560px; --smush-placeholder-aspect-ratio: 560\/402;\" data-smush-webp-fallback=\"{&quot;data-srcset&quot;:&quot;https:\\\/\\\/carpoace-eu.com\\\/wp-content\\\/uploads\\\/2020\\\/05\\\/Enmascarar-grupo-5.png 560w, https:\\\/\\\/carpoace-eu.com\\\/wp-content\\\/uploads\\\/2020\\\/05\\\/Enmascarar-grupo-5-300x215.png 300w&quot;}\" \/> <span class=\"raven-post-image-overlay\">\t\t<span class=\"raven-post-overlay-icons\" >\n\t\t\t\t\t\t<\/span>\n\t\t<\/span><\/span>\t\t<\/div>\n\t\t\t\t\t\t<div class=\"raven-post-content\">\n\t\t\t\t\t\t\t<div class=\"raven-post-meta\"><span class=\"raven-post-meta-item raven-post-categories\"><a href=\"https:\/\/carpoace-eu.com\/en\/portfolio-category\/pyme-del-sector-biotecnologico\/\" rel=\"tag\">SMEs in the Biotechnology Sector<\/a><\/span><\/div>\n\t\t<h2 class=\"raven-post-title\"><a class=\"raven-post-title-link\" href=\"https:\/\/carpoace-eu.com\/en\/portfolio\/sme-in-the-biotechnology-sector\/\">SME in the Biotechnology Sector<\/a><\/h2>\t\t\t\t<\/div>\n\t\t\t<\/div>\n\t\t<\/div>\n\t\t\t\t<div class=\"raven-grid-item raven-post-item post-131 portfolio type-portfolio status-publish has-post-thumbnail hentry portfolio_category-formulacion-y-gestion portfolio_category-pyme-del-sector-biotecnologico\">\n\t\t\t<div class=\"raven-post\">\n\t\t\t\t\t\t<div class=\"raven-post-image-wrap\">\n\t\t\t<span class=\"raven-post-image raven-image-fit\" ><img decoding=\"async\" width=\"560\" height=\"404\" data-src=\"https:\/\/carpoace-eu.com\/wp-content\/uploads\/2020\/05\/folleto_tricovac-1-copia.png\" class=\"attachment-large size-large wp-image-567 lazyload\" alt=\"folleto tricovac 1 copia\" data-srcset=\"https:\/\/carpoace-eu.com\/wp-content\/uploads\/2020\/05\/folleto_tricovac-1-copia.png 560w, https:\/\/carpoace-eu.com\/wp-content\/smush-webp\/2020\/05\/folleto_tricovac-1-copia-300x216.png.webp 300w\" data-sizes=\"(max-width: 560px) 100vw, 560px\" src=\"data:image\/svg+xml;base64,PHN2ZyB3aWR0aD0iMSIgaGVpZ2h0PSIxIiB4bWxucz0iaHR0cDovL3d3dy53My5vcmcvMjAwMC9zdmciPjwvc3ZnPg==\" style=\"--smush-placeholder-width: 560px; --smush-placeholder-aspect-ratio: 560\/404;\" data-smush-webp-fallback=\"{&quot;data-srcset&quot;:&quot;https:\\\/\\\/carpoace-eu.com\\\/wp-content\\\/uploads\\\/2020\\\/05\\\/folleto_tricovac-1-copia.png 560w, https:\\\/\\\/carpoace-eu.com\\\/wp-content\\\/uploads\\\/2020\\\/05\\\/folleto_tricovac-1-copia-300x216.png 300w&quot;}\" \/> <span class=\"raven-post-image-overlay\">\t\t<span class=\"raven-post-overlay-icons\" >\n\t\t\t\t\t\t<\/span>\n\t\t<\/span><\/span>\t\t<\/div>\n\t\t\t\t\t\t<div class=\"raven-post-content\">\n\t\t\t\t\t\t\t<div class=\"raven-post-meta\"><span class=\"raven-post-meta-item raven-post-categories\"><a href=\"https:\/\/carpoace-eu.com\/en\/portfolio-category\/formulacion-y-gestion\/\" rel=\"tag\">Formulaci\u00f3n y gesti\u00f3n<\/a>, <a href=\"https:\/\/carpoace-eu.com\/en\/portfolio-category\/pyme-del-sector-biotecnologico\/\" rel=\"tag\">SMEs in the Biotechnology Sector<\/a><\/span><\/div>\n\t\t<h2 class=\"raven-post-title\"><a class=\"raven-post-title-link\" href=\"https:\/\/carpoace-eu.com\/en\/portfolio\/smes-in-the-biotechnology-sector\/\">SMEs in the Biotechnology Sector<\/a><\/h2>\t\t\t\t<\/div>\n\t\t\t<\/div>\n\t\t<\/div>\n\t\t\t\t<div class=\"raven-grid-item raven-post-item post-130 portfolio type-portfolio status-publish has-post-thumbnail hentry portfolio_category-pyme-del-sector-alimentos-y-bebidas\">\n\t\t\t<div class=\"raven-post\">\n\t\t\t\t\t\t<div class=\"raven-post-image-wrap\">\n\t\t\t<span class=\"raven-post-image raven-image-fit\" ><img decoding=\"async\" width=\"558\" height=\"400\" data-src=\"https:\/\/carpoace-eu.com\/wp-content\/uploads\/2020\/05\/hover.png\" class=\"attachment-large size-large wp-image-564 lazyload\" alt=\"hover\" data-srcset=\"https:\/\/carpoace-eu.com\/wp-content\/uploads\/2020\/05\/hover.png 558w, https:\/\/carpoace-eu.com\/wp-content\/smush-webp\/2020\/05\/hover-300x215.png.webp 300w\" data-sizes=\"(max-width: 558px) 100vw, 558px\" src=\"data:image\/svg+xml;base64,PHN2ZyB3aWR0aD0iMSIgaGVpZ2h0PSIxIiB4bWxucz0iaHR0cDovL3d3dy53My5vcmcvMjAwMC9zdmciPjwvc3ZnPg==\" style=\"--smush-placeholder-width: 558px; --smush-placeholder-aspect-ratio: 558\/400;\" data-smush-webp-fallback=\"{&quot;data-srcset&quot;:&quot;https:\\\/\\\/carpoace-eu.com\\\/wp-content\\\/uploads\\\/2020\\\/05\\\/hover.png 558w, https:\\\/\\\/carpoace-eu.com\\\/wp-content\\\/uploads\\\/2020\\\/05\\\/hover-300x215.png 300w&quot;}\" \/> <span class=\"raven-post-image-overlay\">\t\t<span class=\"raven-post-overlay-icons\" >\n\t\t\t\t\t\t<\/span>\n\t\t<\/span><\/span>\t\t<\/div>\n\t\t\t\t\t\t<div class=\"raven-post-content\">\n\t\t\t\t\t\t\t<div class=\"raven-post-meta\"><span class=\"raven-post-meta-item raven-post-categories\"><a href=\"https:\/\/carpoace-eu.com\/en\/portfolio-category\/pyme-del-sector-alimentos-y-bebidas\/\" rel=\"tag\">SMEs in the Food and Beverage Sector<\/a><\/span><\/div>\n\t\t<h2 class=\"raven-post-title\"><a class=\"raven-post-title-link\" href=\"https:\/\/carpoace-eu.com\/en\/portfolio\/smes-in-the-food-and-beverage-sector\/\">SMEs in the Food and Beverage Sector<\/a><\/h2>\t\t\t\t<\/div>\n\t\t\t<\/div>\n\t\t<\/div>\n\t\t\t\t<div class=\"raven-grid-item raven-post-item post-129 portfolio type-portfolio status-publish has-post-thumbnail hentry portfolio_category-pymes-del-sector-textil-de-tejido-de-punto\">\n\t\t\t<div class=\"raven-post\">\n\t\t\t\t\t\t<div class=\"raven-post-image-wrap\">\n\t\t\t<span class=\"raven-post-image raven-image-fit\" ><img decoding=\"async\" width=\"558\" height=\"402\" data-src=\"https:\/\/carpoace-eu.com\/wp-content\/uploads\/2020\/05\/Enmascarar-grupo-2.png\" class=\"attachment-large size-large wp-image-822 lazyload\" alt=\"Enmascarar grupo 2\" data-srcset=\"https:\/\/carpoace-eu.com\/wp-content\/uploads\/2020\/05\/Enmascarar-grupo-2.png 558w, https:\/\/carpoace-eu.com\/wp-content\/smush-webp\/2020\/05\/Enmascarar-grupo-2-300x216.png.webp 300w\" data-sizes=\"(max-width: 558px) 100vw, 558px\" src=\"data:image\/svg+xml;base64,PHN2ZyB3aWR0aD0iMSIgaGVpZ2h0PSIxIiB4bWxucz0iaHR0cDovL3d3dy53My5vcmcvMjAwMC9zdmciPjwvc3ZnPg==\" style=\"--smush-placeholder-width: 558px; --smush-placeholder-aspect-ratio: 558\/402;\" data-smush-webp-fallback=\"{&quot;data-srcset&quot;:&quot;https:\\\/\\\/carpoace-eu.com\\\/wp-content\\\/uploads\\\/2020\\\/05\\\/Enmascarar-grupo-2.png 558w, https:\\\/\\\/carpoace-eu.com\\\/wp-content\\\/uploads\\\/2020\\\/05\\\/Enmascarar-grupo-2-300x216.png 300w&quot;}\" \/> <span class=\"raven-post-image-overlay\">\t\t<span class=\"raven-post-overlay-icons\" >\n\t\t\t\t\t\t<\/span>\n\t\t<\/span><\/span>\t\t<\/div>\n\t\t\t\t\t\t<div class=\"raven-post-content\">\n\t\t\t\t\t\t\t<div class=\"raven-post-meta\"><span class=\"raven-post-meta-item raven-post-categories\"><a href=\"https:\/\/carpoace-eu.com\/en\/portfolio-category\/pymes-del-sector-textil-de-tejido-de-punto\/\" rel=\"tag\">Pymes del sector textil de tejido de punto<\/a><\/span><\/div>\n\t\t<h2 class=\"raven-post-title\"><a class=\"raven-post-title-link\" href=\"https:\/\/carpoace-eu.com\/en\/portfolio\/smes-in-the-knitting-textile-sector\/\">SMEs in the knitting textile sector<\/a><\/h2>\t\t\t\t<\/div>\n\t\t\t<\/div>\n\t\t<\/div>\n\t\t\t\t<\/div>\n\t\t\t\t<\/div>\n\t\t\t\t<\/div>\n\t\t\t\t\t<\/div>\n\t\t<\/div>\n\t\t\t\t\t\t\t<\/div>\n\t\t<\/section>\n\t\t\t\t\t\t\t<\/div>","protected":false},"excerpt":{"rendered":"<p>Casos de \u00c9xito Pyme del Sector Biotecnol\u00f3gico BIOTANDIL Formulaci\u00f3n y gesti\u00f3n, Pyme del Sector Biotecnol\u00f3gico Laboratorio Biol\u00f3gico De Tand\u00edl Pyme del Sector Alimentos y Bebidas Pico de Oro Pymes del sector textil de tejido de punto C\u00c1MARA TEXTIL &#8211; Punto.AR Consorcio Asociativo P\u00fablico-Privado (CAPP) Consorcio BIOALPINA Pyme del sector de autopartes METAL\u00daRGICA FUNGRIS<\/p>","protected":false},"author":2,"featured_media":0,"parent":0,"menu_order":0,"comment_status":"closed","ping_status":"closed","template":"elementor_header_footer","meta":{"footnotes":""},"class_list":["post-138","page","type-page","status-publish","hentry"],"acf":[],"_links":{"self":[{"href":"https:\/\/carpoace-eu.com\/en\/wp-json\/wp\/v2\/pages\/138","targetHints":{"allow":["GET"]}}],"collection":[{"href":"https:\/\/carpoace-eu.com\/en\/wp-json\/wp\/v2\/pages"}],"about":[{"href":"https:\/\/carpoace-eu.com\/en\/wp-json\/wp\/v2\/types\/page"}],"author":[{"embeddable":true,"href":"https:\/\/carpoace-eu.com\/en\/wp-json\/wp\/v2\/users\/2"}],"replies":[{"embeddable":true,"href":"https:\/\/carpoace-eu.com\/en\/wp-json\/wp\/v2\/comments?post=138"}],"version-history":[{"count":21,"href":"https:\/\/carpoace-eu.com\/en\/wp-json\/wp\/v2\/pages\/138\/revisions"}],"predecessor-version":[{"id":1215,"href":"https:\/\/carpoace-eu.com\/en\/wp-json\/wp\/v2\/pages\/138\/revisions\/1215"}],"wp:attachment":[{"href":"https:\/\/carpoace-eu.com\/en\/wp-json\/wp\/v2\/media?parent=138"}],"curies":[{"name":"wp","href":"https:\/\/api.w.org\/{rel}","templated":true}]}}